{"id":16,"date":"2025-11-03T16:40:44","date_gmt":"2025-11-03T19:40:44","guid":{"rendered":"https:\/\/rettercomercial.com.br\/blog\/?page_id=16"},"modified":"2025-11-03T16:45:40","modified_gmt":"2025-11-03T19:45:40","slug":"home","status":"publish","type":"page","link":"https:\/\/rettercomercial.com.br\/blog\/","title":{"rendered":"Home"},"content":{"rendered":"\t\t<div data-elementor-type=\"wp-page\" data-elementor-id=\"16\" class=\"elementor elementor-16\" data-elementor-post-type=\"page\">\n\t\t\t\t\t\t<section class=\"elementor-section elementor-top-section elementor-element elementor-element-188cb8e elementor-section-boxed elementor-section-height-default elementor-section-height-default\" data-id=\"188cb8e\" data-element_type=\"section\">\n\t\t\t\t\t\t<div class=\"elementor-container elementor-column-gap-default\">\n\t\t\t\t\t<div class=\"elementor-column elementor-col-100 elementor-top-column elementor-element elementor-element-55c5372\" data-id=\"55c5372\" data-element_type=\"column\">\n\t\t\t<div class=\"elementor-widget-wrap elementor-element-populated\">\n\t\t\t\t\t\t<div class=\"elementor-element elementor-element-d5818aa elementor-grid-3 elementor-grid-tablet-2 elementor-grid-mobile-1 elementor-posts--thumbnail-top elementor-widget elementor-widget-posts\" data-id=\"d5818aa\" data-element_type=\"widget\" data-settings=\"{&quot;pagination_type&quot;:&quot;numbers&quot;,&quot;classic_columns&quot;:&quot;3&quot;,&quot;classic_columns_tablet&quot;:&quot;2&quot;,&quot;classic_columns_mobile&quot;:&quot;1&quot;,&quot;classic_row_gap&quot;:{&quot;unit&quot;:&quot;px&quot;,&quot;size&quot;:35,&quot;sizes&quot;:[]},&quot;classic_row_gap_tablet&quot;:{&quot;unit&quot;:&quot;px&quot;,&quot;size&quot;:&quot;&quot;,&quot;sizes&quot;:[]},&quot;classic_row_gap_mobile&quot;:{&quot;unit&quot;:&quot;px&quot;,&quot;size&quot;:&quot;&quot;,&quot;sizes&quot;:[]}}\" data-widget_type=\"posts.classic\">\n\t\t\t\t<div class=\"elementor-widget-container\">\n\t\t\t\t\t\t\t<div class=\"elementor-posts-container elementor-posts elementor-posts--skin-classic elementor-grid\" role=\"list\">\n\t\t\t\t<article class=\"elementor-post elementor-grid-item post-89 post type-post status-publish format-standard has-post-thumbnail hentry category-blog\" role=\"listitem\">\n\t\t\t\t<a class=\"elementor-post__thumbnail__link\" href=\"https:\/\/rettercomercial.com.br\/blog\/industriaia\/\" tabindex=\"-1\" >\n\t\t\t<div class=\"elementor-post__thumbnail\"><img decoding=\"async\" width=\"300\" height=\"143\" src=\"https:\/\/rettercomercial.com.br\/blog\/wp-content\/uploads\/2026\/04\/IA_Imagem-300x143.jpg\" class=\"attachment-medium size-medium wp-image-88\" alt=\"\" srcset=\"https:\/\/rettercomercial.com.br\/blog\/wp-content\/uploads\/2026\/04\/IA_Imagem-300x143.jpg 300w, https:\/\/rettercomercial.com.br\/blog\/wp-content\/uploads\/2026\/04\/IA_Imagem-768x366.jpg 768w, https:\/\/rettercomercial.com.br\/blog\/wp-content\/uploads\/2026\/04\/IA_Imagem.jpg 860w\" sizes=\"(max-width: 300px) 100vw, 300px\" \/><\/div>\n\t\t<\/a>\n\t\t\t\t<div class=\"elementor-post__text\">\n\t\t\t\t<h3 class=\"elementor-post__title\">\n\t\t\t<a href=\"https:\/\/rettercomercial.com.br\/blog\/industriaia\/\" >\n\t\t\t\tO Impacto da Inteligencia Artificial na Industria: Usinagem, Caldeiraria e Soldagem\t\t\t<\/a>\n\t\t<\/h3>\n\t\t\t\t<div class=\"elementor-post__meta-data\">\n\t\t\t\t\t<span class=\"elementor-post-date\">\n\t\t\tabril 13, 2026\t\t<\/span>\n\t\t\t\t<span class=\"elementor-post-avatar\">\n\t\t\tNenhum coment\u00e1rio\t\t<\/span>\n\t\t\t\t<\/div>\n\t\t\t\t<div class=\"elementor-post__excerpt\">\n\t\t\t<p>Introdu\u00e7\u00e3o A Inteligencia Artificial (IA) j\u00e1 \u00e9 realidade na ind\u00fastria, inclusive nos setores de usinagem, caldeiraria e soldagem. Mas o que muda de fato? Quais<\/p>\n\t\t<\/div>\n\t\t\n\t\t<a class=\"elementor-post__read-more\" href=\"https:\/\/rettercomercial.com.br\/blog\/industriaia\/\" aria-label=\"Read more about O Impacto da Inteligencia Artificial na Industria: Usinagem, Caldeiraria e Soldagem\" tabindex=\"-1\" >\n\t\t\tLeia \u00bb\t\t<\/a>\n\n\t\t\t\t<\/div>\n\t\t\t\t<\/article>\n\t\t\t\t<article class=\"elementor-post elementor-grid-item post-83 post type-post status-publish format-standard has-post-thumbnail hentry category-blog\" role=\"listitem\">\n\t\t\t\t<a class=\"elementor-post__thumbnail__link\" href=\"https:\/\/rettercomercial.com.br\/blog\/rosqeletricam20\/\" tabindex=\"-1\" >\n\t\t\t<div class=\"elementor-post__thumbnail\"><img fetchpriority=\"high\" decoding=\"async\" width=\"300\" height=\"225\" src=\"https:\/\/rettercomercial.com.br\/blog\/wp-content\/uploads\/2026\/03\/BlogRosqM20-300x225.png\" class=\"attachment-medium size-medium wp-image-85\" alt=\"\" srcset=\"https:\/\/rettercomercial.com.br\/blog\/wp-content\/uploads\/2026\/03\/BlogRosqM20-300x225.png 300w, https:\/\/rettercomercial.com.br\/blog\/wp-content\/uploads\/2026\/03\/BlogRosqM20-1024x768.png 1024w, https:\/\/rettercomercial.com.br\/blog\/wp-content\/uploads\/2026\/03\/BlogRosqM20-768x576.png 768w, https:\/\/rettercomercial.com.br\/blog\/wp-content\/uploads\/2026\/03\/BlogRosqM20.png 1195w\" sizes=\"(max-width: 300px) 100vw, 300px\" \/><\/div>\n\t\t<\/a>\n\t\t\t\t<div class=\"elementor-post__text\">\n\t\t\t\t<h3 class=\"elementor-post__title\">\n\t\t\t<a href=\"https:\/\/rettercomercial.com.br\/blog\/rosqeletricam20\/\" >\n\t\t\t\tA Rosqueadeira El\u00e9trica com Bra\u00e7o Articulado M20: Elevando a Produtividade e Otimizando Processos\t\t\t<\/a>\n\t\t<\/h3>\n\t\t\t\t<div class=\"elementor-post__meta-data\">\n\t\t\t\t\t<span class=\"elementor-post-date\">\n\t\t\tmar\u00e7o 24, 2026\t\t<\/span>\n\t\t\t\t<span class=\"elementor-post-avatar\">\n\t\t\tNenhum coment\u00e1rio\t\t<\/span>\n\t\t\t\t<\/div>\n\t\t\t\t<div class=\"elementor-post__excerpt\">\n\t\t\t<p>Introdu\u00e7\u00e3o No cen\u00e1rio industrial atual, a efici\u00eancia e a precis\u00e3o s\u00e3o pilares fundamentais para a competitividade. A opera\u00e7\u00e3o de rosqueamento, embora pare\u00e7a simples, \u00e9 um<\/p>\n\t\t<\/div>\n\t\t\n\t\t<a class=\"elementor-post__read-more\" href=\"https:\/\/rettercomercial.com.br\/blog\/rosqeletricam20\/\" aria-label=\"Read more about A Rosqueadeira El\u00e9trica com Bra\u00e7o Articulado M20: Elevando a Produtividade e Otimizando Processos\" tabindex=\"-1\" >\n\t\t\tLeia \u00bb\t\t<\/a>\n\n\t\t\t\t<\/div>\n\t\t\t\t<\/article>\n\t\t\t\t<article class=\"elementor-post elementor-grid-item post-65 post type-post status-publish format-standard has-post-thumbnail hentry category-blog\" role=\"listitem\">\n\t\t\t\t<a class=\"elementor-post__thumbnail__link\" href=\"https:\/\/rettercomercial.com.br\/blog\/02_futurousinagem-2\/\" tabindex=\"-1\" >\n\t\t\t<div class=\"elementor-post__thumbnail\"><img decoding=\"async\" width=\"300\" height=\"225\" src=\"https:\/\/rettercomercial.com.br\/blog\/wp-content\/uploads\/2025\/11\/UsinagemFuturo-300x225.jpg\" class=\"attachment-medium size-medium wp-image-66\" alt=\"\" srcset=\"https:\/\/rettercomercial.com.br\/blog\/wp-content\/uploads\/2025\/11\/UsinagemFuturo-300x225.jpg 300w, https:\/\/rettercomercial.com.br\/blog\/wp-content\/uploads\/2025\/11\/UsinagemFuturo.jpg 616w\" sizes=\"(max-width: 300px) 100vw, 300px\" \/><\/div>\n\t\t<\/a>\n\t\t\t\t<div class=\"elementor-post__text\">\n\t\t\t\t<h3 class=\"elementor-post__title\">\n\t\t\t<a href=\"https:\/\/rettercomercial.com.br\/blog\/02_futurousinagem-2\/\" >\n\t\t\t\tO Futuro da Usinagem Mec\u00e2nica: Desafios, Tend\u00eancias e Oportunidades no Brasil\t\t\t<\/a>\n\t\t<\/h3>\n\t\t\t\t<div class=\"elementor-post__meta-data\">\n\t\t\t\t\t<span class=\"elementor-post-date\">\n\t\t\tnovembro 27, 2025\t\t<\/span>\n\t\t\t\t<span class=\"elementor-post-avatar\">\n\t\t\tNenhum coment\u00e1rio\t\t<\/span>\n\t\t\t\t<\/div>\n\t\t\t\t<div class=\"elementor-post__excerpt\">\n\t\t\t<p>Introdu\u00e7\u00e3o A usinagem mec\u00e2nica, pilar fundamental da ind\u00fastria de transforma\u00e7\u00e3o, encontra-se em um ponto de inflex\u00e3o. Impulsionada por avan\u00e7os tecnol\u00f3gicos e confrontada por desafios complexos,<\/p>\n\t\t<\/div>\n\t\t\n\t\t<a class=\"elementor-post__read-more\" href=\"https:\/\/rettercomercial.com.br\/blog\/02_futurousinagem-2\/\" aria-label=\"Read more about O Futuro da Usinagem Mec\u00e2nica: Desafios, Tend\u00eancias e Oportunidades no Brasil\" tabindex=\"-1\" >\n\t\t\tLeia \u00bb\t\t<\/a>\n\n\t\t\t\t<\/div>\n\t\t\t\t<\/article>\n\t\t\t\t<article class=\"elementor-post elementor-grid-item post-69 post type-post status-publish format-standard has-post-thumbnail hentry category-blog\" role=\"listitem\">\n\t\t\t\t<a class=\"elementor-post__thumbnail__link\" href=\"https:\/\/rettercomercial.com.br\/blog\/03_insertosmetalduro\/\" tabindex=\"-1\" >\n\t\t\t<div class=\"elementor-post__thumbnail\"><img loading=\"lazy\" decoding=\"async\" width=\"300\" height=\"300\" src=\"https:\/\/rettercomercial.com.br\/blog\/wp-content\/uploads\/2025\/11\/CapaInsertosMetalDuro-300x300.png\" class=\"attachment-medium size-medium wp-image-74\" alt=\"\" srcset=\"https:\/\/rettercomercial.com.br\/blog\/wp-content\/uploads\/2025\/11\/CapaInsertosMetalDuro-300x300.png 300w, https:\/\/rettercomercial.com.br\/blog\/wp-content\/uploads\/2025\/11\/CapaInsertosMetalDuro-150x150.png 150w, https:\/\/rettercomercial.com.br\/blog\/wp-content\/uploads\/2025\/11\/CapaInsertosMetalDuro-768x771.png 768w, https:\/\/rettercomercial.com.br\/blog\/wp-content\/uploads\/2025\/11\/CapaInsertosMetalDuro.png 955w\" sizes=\"(max-width: 300px) 100vw, 300px\" \/><\/div>\n\t\t<\/a>\n\t\t\t\t<div class=\"elementor-post__text\">\n\t\t\t\t<h3 class=\"elementor-post__title\">\n\t\t\t<a href=\"https:\/\/rettercomercial.com.br\/blog\/03_insertosmetalduro\/\" >\n\t\t\t\tInsertos de Metal Duro: A Chave para a Produtividade e o Lucro na Usinagem Industrial\t\t\t<\/a>\n\t\t<\/h3>\n\t\t\t\t<div class=\"elementor-post__meta-data\">\n\t\t\t\t\t<span class=\"elementor-post-date\">\n\t\t\tnovembro 19, 2025\t\t<\/span>\n\t\t\t\t<span class=\"elementor-post-avatar\">\n\t\t\tNenhum coment\u00e1rio\t\t<\/span>\n\t\t\t\t<\/div>\n\t\t\t\t<div class=\"elementor-post__excerpt\">\n\t\t\t<p>Introdu\u00e7\u00e3o No universo da usinagem industrial, a busca por efici\u00eancia, precis\u00e3o e rentabilidade \u00e9 incessante. A escolha das ferramentas de corte desempenha um papel crucial<\/p>\n\t\t<\/div>\n\t\t\n\t\t<a class=\"elementor-post__read-more\" href=\"https:\/\/rettercomercial.com.br\/blog\/03_insertosmetalduro\/\" aria-label=\"Read more about Insertos de Metal Duro: A Chave para a Produtividade e o Lucro na Usinagem Industrial\" tabindex=\"-1\" >\n\t\t\tLeia \u00bb\t\t<\/a>\n\n\t\t\t\t<\/div>\n\t\t\t\t<\/article>\n\t\t\t\t<article class=\"elementor-post elementor-grid-item post-63 post type-post status-publish format-standard has-post-thumbnail hentry category-blog\" role=\"listitem\">\n\t\t\t\t<a class=\"elementor-post__thumbnail__link\" href=\"https:\/\/rettercomercial.com.br\/blog\/01_cortejatodagua-2\/\" tabindex=\"-1\" >\n\t\t\t<div class=\"elementor-post__thumbnail\"><img loading=\"lazy\" decoding=\"async\" width=\"300\" height=\"200\" src=\"https:\/\/rettercomercial.com.br\/blog\/wp-content\/uploads\/2025\/11\/CorteJatoDagua-300x200.png\" class=\"attachment-medium size-medium wp-image-57\" alt=\"\" srcset=\"https:\/\/rettercomercial.com.br\/blog\/wp-content\/uploads\/2025\/11\/CorteJatoDagua-300x200.png 300w, https:\/\/rettercomercial.com.br\/blog\/wp-content\/uploads\/2025\/11\/CorteJatoDagua-768x511.png 768w, https:\/\/rettercomercial.com.br\/blog\/wp-content\/uploads\/2025\/11\/CorteJatoDagua.png 935w\" sizes=\"(max-width: 300px) 100vw, 300px\" \/><\/div>\n\t\t<\/a>\n\t\t\t\t<div class=\"elementor-post__text\">\n\t\t\t\t<h3 class=\"elementor-post__title\">\n\t\t\t<a href=\"https:\/\/rettercomercial.com.br\/blog\/01_cortejatodagua-2\/\" >\n\t\t\t\tO Poder da \u00c1gua e do Garnet: Desvendando o Corte por Jato d&#8217;\u00c1gua e a Escolha do Abrasivo Perfeito\t\t\t<\/a>\n\t\t<\/h3>\n\t\t\t\t<div class=\"elementor-post__meta-data\">\n\t\t\t\t\t<span class=\"elementor-post-date\">\n\t\t\tnovembro 7, 2025\t\t<\/span>\n\t\t\t\t<span class=\"elementor-post-avatar\">\n\t\t\tNenhum coment\u00e1rio\t\t<\/span>\n\t\t\t\t<\/div>\n\t\t\t\t<div class=\"elementor-post__excerpt\">\n\t\t\t<p>Introdu\u00e7\u00e3o No din\u00e2mico cen\u00e1rio industrial, a busca por m\u00e9todos de corte que unam precis\u00e3o, efici\u00eancia e versatilidade \u00e9 constante. Entre as tecnologias que se destacam,<\/p>\n\t\t<\/div>\n\t\t\n\t\t<a class=\"elementor-post__read-more\" href=\"https:\/\/rettercomercial.com.br\/blog\/01_cortejatodagua-2\/\" aria-label=\"Read more about O Poder da \u00c1gua e do Garnet: Desvendando o Corte por Jato d&#8217;\u00c1gua e a Escolha do Abrasivo Perfeito\" tabindex=\"-1\" >\n\t\t\tLeia \u00bb\t\t<\/a>\n\n\t\t\t\t<\/div>\n\t\t\t\t<\/article>\n\t\t\t\t<\/div>\n\t\t\n\t\t\t\t\t\t<\/div>\n\t\t\t\t<\/div>\n\t\t\t\t\t<\/div>\n\t\t<\/div>\n\t\t\t\t\t<\/div>\n\t\t<\/section>\n\t\t\t\t<\/div>\n\t\t","protected":false},"excerpt":{"rendered":"","protected":false},"author":1,"featured_media":0,"parent":0,"menu_order":0,"comment_status":"closed","ping_status":"closed","template":"elementor_header_footer","meta":{"footnotes":""},"class_list":["post-16","page","type-page","status-publish","hentry"],"_hostinger_reach_plugin_has_subscription_block":false,"_hostinger_reach_plugin_is_elementor":false,"_links":{"self":[{"href":"https:\/\/rettercomercial.com.br\/blog\/wp-json\/wp\/v2\/pages\/16","targetHints":{"allow":["GET"]}}],"collection":[{"href":"https:\/\/rettercomercial.com.br\/blog\/wp-json\/wp\/v2\/pages"}],"about":[{"href":"https:\/\/rettercomercial.com.br\/blog\/wp-json\/wp\/v2\/types\/page"}],"author":[{"embeddable":true,"href":"https:\/\/rettercomercial.com.br\/blog\/wp-json\/wp\/v2\/users\/1"}],"replies":[{"embeddable":true,"href":"https:\/\/rettercomercial.com.br\/blog\/wp-json\/wp\/v2\/comments?post=16"}],"version-history":[{"count":7,"href":"https:\/\/rettercomercial.com.br\/blog\/wp-json\/wp\/v2\/pages\/16\/revisions"}],"predecessor-version":[{"id":25,"href":"https:\/\/rettercomercial.com.br\/blog\/wp-json\/wp\/v2\/pages\/16\/revisions\/25"}],"wp:attachment":[{"href":"https:\/\/rettercomercial.com.br\/blog\/wp-json\/wp\/v2\/media?parent=16"}],"curies":[{"name":"wp","href":"https:\/\/api.w.org\/{rel}","templated":true}]}}